{"id":419,"date":"2025-09-08T13:57:45","date_gmt":"2025-09-08T10:57:45","guid":{"rendered":"https:\/\/energostar.net\/?page_id=419"},"modified":"2026-03-14T01:07:56","modified_gmt":"2026-03-13T22:07:56","slug":"calculator","status":"publish","type":"page","link":"https:\/\/energostar.net\/ee\/calculator\/","title":{"rendered":"Kalkulaator"},"content":{"rendered":"<div data-elementor-type=\"wp-page\" data-elementor-id=\"419\" class=\"elementor elementor-419\" data-elementor-post-type=\"page\">\n\t\t\t\t<div class=\"elementor-element elementor-element-8bfc00b e-flex e-con-boxed e-con e-parent\" data-id=\"8bfc00b\" data-element_type=\"container\">\n\t\t\t\t\t<div class=\"e-con-inner\">\n\t\t\t\t<div class=\"elementor-element elementor-element-bb8a2ad elementor-widget elementor-widget-shortcode\" data-id=\"bb8a2ad\" data-element_type=\"widget\" data-settings=\"{&quot;_animation&quot;:&quot;none&quot;}\" data-widget_type=\"shortcode.default\">\n\t\t\t\t\t\t\t<div class=\"elementor-shortcode\">    <div class=\"es-motor-calculator\" data-es-motor-calculator=\"1\" data-aos=\"fade-up\" data-aos-duration=\"600\">\n      <h3 data-aos=\"fade-down\" data-aos-duration=\"500\">Mootori efektiivsuse kalkulaator<\/h3>\n      <div class=\"es-motor-calculator__columns\">\n                  <div class=\"es-motor-calculator__column\" data-motor=\"new\" data-aos=\"fade-up\"\n            data-aos-delay=\"100\" data-aos-duration=\"600\">\n            <h4>Uus mootor<\/h4>\n                          <label class=\"es-motor-calculator__field\" data-aos=\"fade-up\" data-aos-delay=\"50\"\n                data-aos-duration=\"500\">\n                <span>V\u00f5imsus P [kw]<\/span>\n                <input type=\"number\" data-field=\"power\" step=\"0.1\" value=\"11\" \/>\n              <\/label>\n                          <label class=\"es-motor-calculator__field\" data-aos=\"fade-up\" data-aos-delay=\"100\"\n                data-aos-duration=\"500\">\n                <span>Kiirus V [p\/min]<\/span>\n                <input type=\"number\" data-field=\"rpm\" step=\"1\" value=\"2925\" \/>\n              <\/label>\n                          <label class=\"es-motor-calculator__field\" data-aos=\"fade-up\" data-aos-delay=\"150\"\n                data-aos-duration=\"500\">\n                <span>cos\u03c6<\/span>\n                <input type=\"number\" data-field=\"cosphi\" step=\"0.01\" min=\"0\" max=\"1\" value=\"0.85\" \/>\n              <\/label>\n                          <label class=\"es-motor-calculator__field\" data-aos=\"fade-up\" data-aos-delay=\"200\"\n                data-aos-duration=\"500\">\n                <span>KASUTEGUR \u03b7 [%]<\/span>\n                <input type=\"number\" data-field=\"efficiency\" step=\"0.1\" min=\"0\" max=\"100\" value=\"91.2\" \/>\n              <\/label>\n                      <\/div>\n                  <div class=\"es-motor-calculator__column\" data-motor=\"old\" data-aos=\"fade-up\"\n            data-aos-delay=\"200\" data-aos-duration=\"600\">\n            <h4>Vana mootor<\/h4>\n                          <label class=\"es-motor-calculator__field\" data-aos=\"fade-up\" data-aos-delay=\"250\"\n                data-aos-duration=\"500\">\n                <span>V\u00f5imsus P [kw]<\/span>\n                <input type=\"number\" data-field=\"power\" step=\"0.1\" value=\"11\" \/>\n              <\/label>\n                          <label class=\"es-motor-calculator__field\" data-aos=\"fade-up\" data-aos-delay=\"300\"\n                data-aos-duration=\"500\">\n                <span>Kiirus V [p\/min]<\/span>\n                <input type=\"number\" data-field=\"rpm\" step=\"1\" value=\"2930\" \/>\n              <\/label>\n                          <label class=\"es-motor-calculator__field\" data-aos=\"fade-up\" data-aos-delay=\"350\"\n                data-aos-duration=\"500\">\n                <span>cos\u03c6<\/span>\n                <input type=\"number\" data-field=\"cosphi\" step=\"0.01\" min=\"0\" max=\"1\" value=\"0.89\" \/>\n              <\/label>\n                          <label class=\"es-motor-calculator__field\" data-aos=\"fade-up\" data-aos-delay=\"400\"\n                data-aos-duration=\"500\">\n                <span>KASUTEGUR \u03b7 [%]<\/span>\n                <input type=\"number\" data-field=\"efficiency\" step=\"0.1\" min=\"0\" max=\"100\" value=\"87.6\" \/>\n              <\/label>\n                      <\/div>\n              <\/div>\n\n      <div class=\"es-motor-calculator__results\" data-aos=\"fade-left\" data-aos-duration=\"700\">\n        <h3>Tulemused<\/h3>\n        <table>\n          <thead>\n            <tr>\n              <th>Indikaator<\/th>\n              <th>Uus<\/th>\n              <th>Vana<\/th>\n            <\/tr>\n          <\/thead>\n          <tbody>\n                          <tr>\n                <td>T\u00e4isv\u00f5imsus S [kVA]<\/td>\n                <td>\n                  <span data-result=\"sapparent-new\" data-decimals=\"2\">\n                    14.19                  <\/span>\n                <\/td>\n                <td>\n                  <span data-result=\"sapparent-old\" data-decimals=\"2\">\n                    14.11                  <\/span>\n                <\/td>\n              <\/tr>\n                          <tr>\n                <td>Reaktiivv\u00f5imsus Q [kvar]<\/td>\n                <td>\n                  <span data-result=\"qreactive-new\" data-decimals=\"2\">\n                    7.47                  <\/span>\n                <\/td>\n                <td>\n                  <span data-result=\"qreactive-old\" data-decimals=\"2\">\n                    6.43                  <\/span>\n                <\/td>\n              <\/tr>\n                          <tr>\n                <td>Aktiivv\u00f5imsus P [kW]<\/td>\n                <td>\n                  <span data-result=\"pactive-new\" data-decimals=\"2\">\n                    12.06                  <\/span>\n                <\/td>\n                <td>\n                  <span data-result=\"pactive-old\" data-decimals=\"2\">\n                    12.56                  <\/span>\n                <\/td>\n              <\/tr>\n                          <tr>\n                <td>Energiatarve [kWh]<\/td>\n                <td>\n                  <span data-result=\"pusage-new\" data-decimals=\"2\">\n                    12.06                  <\/span>\n                <\/td>\n                <td>\n                  <span data-result=\"pusage-old\" data-decimals=\"2\">\n                    12.56                  <\/span>\n                <\/td>\n              <\/tr>\n                      <\/tbody>\n        <\/table>\n      <\/div>\n\n      <div class=\"es-motor-calculator__metrics\">\n                  <div class=\"es-motor-calculator__metric\" data-aos=\"zoom-in\"\n            data-aos-delay=\"100\" data-aos-duration=\"600\">\n            <span class=\"es-motor-calculator__metric-title\">Muutumise kiirus [%]<\/span>\n                        <span class=\"es-motor-calculator__metric-value\" data-result=\"productivity\" data-decimals=\"2\"\n              data-unit=\"%\">\n              -0.17            <\/span>\n          <\/div>\n                  <div class=\"es-motor-calculator__metric\" data-aos=\"zoom-in\"\n            data-aos-delay=\"200\" data-aos-duration=\"600\">\n            <span class=\"es-motor-calculator__metric-title\">Langus reaktiivv\u00f5imsuse [%]<\/span>\n                        <span class=\"es-motor-calculator__metric-value\" data-result=\"qdiff\" data-decimals=\"2\"\n              data-unit=\"%\">\n              -16.19            <\/span>\n          <\/div>\n                  <div class=\"es-motor-calculator__metric\" data-aos=\"zoom-in\"\n            data-aos-delay=\"300\" data-aos-duration=\"600\">\n            <span class=\"es-motor-calculator__metric-title\">Kokkuhoid aktiivne v\u00f5imsus [%]<\/span>\n                        <span class=\"es-motor-calculator__metric-value\" data-result=\"economy\" data-decimals=\"2\"\n              data-unit=\"%\">\n              3.95            <\/span>\n          <\/div>\n              <\/div>\n\n      <div class=\"es-motor-calculator__savings\" data-aos=\"fade-right\" data-aos-duration=\"700\">\n        <h3>Energias\u00e4\u00e4st<\/h3>\n        <div class=\"es-motor-calculator__savings-grid\">\n                      <label class=\"es-motor-calculator__field\" data-aos=\"fade-up\"\n              data-aos-delay=\"100\" data-aos-duration=\"600\">\n              <span>Hind energiat (\u20ac\/kw\u00b7h)<\/span>\n              <input type=\"number\" data-usage=\"price\" step=\"0.01\"\n                value=\"0.22\" \/>\n            <\/label>\n                      <label class=\"es-motor-calculator__field\" data-aos=\"fade-up\"\n              data-aos-delay=\"200\" data-aos-duration=\"600\">\n              <span>Tundi t\u00f6\u00f6d p\u00e4evas<\/span>\n              <input type=\"number\" data-usage=\"hours_per_day\" step=\"0.1\"\n                value=\"20\" \/>\n            <\/label>\n                      <label class=\"es-motor-calculator__field\" data-aos=\"fade-up\"\n              data-aos-delay=\"300\" data-aos-duration=\"600\">\n              <span>T\u00f6\u00f6p\u00e4eva n\u00e4dalas<\/span>\n              <input type=\"number\" data-usage=\"workdays_per_week\" step=\"0.1\"\n                value=\"7\" \/>\n            <\/label>\n                  <\/div>\n        <div class=\"es-motor-calculator__metrics\">\n                      <div class=\"es-motor-calculator__metric\" data-aos=\"flip-left\"\n              data-aos-delay=\"100\" data-aos-duration=\"600\">\n              <span class=\"es-motor-calculator__metric-title\">Iga-aastane t\u00f6\u00f6aeg [h]<\/span>\n                            <span class=\"es-motor-calculator__metric-value\" data-result=\"yearly-hours\"\n                data-decimals=\"0\" data-unit=\"\u0447\">\n                7300              <\/span>\n            <\/div>\n                      <div class=\"es-motor-calculator__metric\" data-aos=\"flip-left\"\n              data-aos-delay=\"200\" data-aos-duration=\"600\">\n              <span class=\"es-motor-calculator__metric-title\">Aastane kokkuhoid [kw\u00b7h]<\/span>\n                            <span class=\"es-motor-calculator__metric-value\" data-result=\"annual-saving\"\n                data-decimals=\"0\" data-unit=\"\u043a\u0412\u0442\u00b7\u0447\">\n                3618              <\/span>\n            <\/div>\n                      <div class=\"es-motor-calculator__metric\" data-aos=\"flip-left\"\n              data-aos-delay=\"300\" data-aos-duration=\"600\">\n              <span class=\"es-motor-calculator__metric-title\">Iga-aastased kulud (uus) [\u20ac]<\/span>\n                            <span class=\"es-motor-calculator__metric-value\" data-result=\"annual-payment-new\"\n                data-decimals=\"2\" data-unit=\"\u20ac\">\n                19370.61              <\/span>\n            <\/div>\n                      <div class=\"es-motor-calculator__metric\" data-aos=\"flip-left\"\n              data-aos-delay=\"400\" data-aos-duration=\"600\">\n              <span class=\"es-motor-calculator__metric-title\">Iga-aastased kulud (vana) [\u20ac]<\/span>\n                            <span class=\"es-motor-calculator__metric-value\" data-result=\"annual-payment-old\"\n                data-decimals=\"2\" data-unit=\"\u20ac\">\n                20166.67              <\/span>\n            <\/div>\n                      <div class=\"es-motor-calculator__metric\" data-aos=\"flip-left\"\n              data-aos-delay=\"500\" data-aos-duration=\"600\">\n              <span class=\"es-motor-calculator__metric-title\">Kokkuhoid rahas [\u20ac]<\/span>\n                            <span class=\"es-motor-calculator__metric-value\" data-result=\"annual-difference\"\n                data-decimals=\"2\" data-unit=\"\u20ac\">\n                796.05              <\/span>\n            <\/div>\n                  <\/div>\n        <button type=\"button\" class=\"es-motor-calculator__info-button\" data-info-toggle data-aos=\"flip-up\"\n          data-aos-delay=\"200\" data-aos-duration=\"500\">\n          Mida need v\u00e4ljad t\u00e4hendavad?        <\/button>\n        <div class=\"es-motor-calculator__info\" data-info-panel hidden data-aos=\"fade-in\" data-aos-duration=\"400\">\n          <p>\u041c\u043e\u0449\u043d\u043e\u0441\u0442\u044c P [\u043a\u0412\u0442] \u2014 \u043a\u0430\u043a\u0430\u044f \u043c\u0435\u0445\u0430\u043d\u0438\u0447\u0435\u0441\u043a\u0430\u044f \u0440\u0430\u0431\u043e\u0442\u0430 \u043d\u0443\u0436\u043d\u0430.<\/p>\n          <p>\u0421\u043a\u043e\u0440\u043e\u0441\u0442\u044c V [\u043e\u0431\/\u043c\u0438\u043d] \u2014 \u043e\u0431\u043e\u0440\u043e\u0442\u044b \u0434\u0432\u0438\u0433\u0430\u0442\u0435\u043b\u044f \u043f\u043e\u0434 \u043d\u0430\u0433\u0440\u0443\u0437\u043a\u043e\u0439.<\/p>\n          <p>cos\u03c6 \u2014 \u043d\u0430\u0441\u043a\u043e\u043b\u044c\u043a\u043e \u044d\u0444\u0444\u0435\u043a\u0442\u0438\u0432\u043d\u043e \u0438\u0441\u043f\u043e\u043b\u044c\u0437\u0443\u0435\u0442\u0441\u044f \u044d\u043b\u0435\u043a\u0442\u0440\u043e\u044d\u043d\u0435\u0440\u0433\u0438\u044f (\u0447\u0435\u043c \u0431\u043b\u0438\u0436\u0435 \u043a 1, \u0442\u0435\u043c \u043c\u0435\u043d\u044c\u0448\u0435 \u00ab\u043f\u0430\u0440\u0430\u0437\u0438\u0442\u043d\u044b\u0445\u00bb \u043f\u043e\u0442\u0435\u0440\u044c).<\/p>\n          <p>\u041a\u041f\u0414 \u03b7 [%] \u2014 \u0434\u043e\u043b\u044f \u044d\u043d\u0435\u0440\u0433\u0438\u0438, \u043a\u043e\u0442\u043e\u0440\u0430\u044f \u0438\u0434\u0451\u0442 \u0432 \u0440\u0430\u0431\u043e\u0442\u0443, \u0430 \u043d\u0435 \u0432 \u0442\u0435\u043f\u043b\u043e.<\/p>\n          <p>\u0420\u0430\u0431\u043e\u0447\u0438\u0445 \u0434\u043d\u0435\u0439 \u0432 \u043d\u0435\u0434\u0435\u043b\u044e \u2014 \u0441\u043a\u043e\u043b\u044c\u043a\u043e \u0441\u043c\u0435\u043d \u0440\u0435\u0430\u043b\u044c\u043d\u043e \u0440\u0430\u0431\u043e\u0442\u0430\u0435\u0442 \u0434\u0432\u0438\u0433\u0430\u0442\u0435\u043b\u044c (\u0443\u0447\u0438\u0442\u044b\u0432\u0430\u0435\u043c \u0432\u044b\u0445\u043e\u0434\u043d\u044b\u0435\/\u043f\u0440\u043e\u0441\u0442\u043e\u0439).<\/p>\n        <\/div>\n        <div class=\"es-motor-calculator__print\" data-aos=\"zoom-in\" data-aos-delay=\"300\" data-aos-duration=\"500\">\n          <button type=\"button\" data-print-calculator>Printida tulemus<\/button>\n        <\/div>\n      <\/div>\n    <\/div>\n    <\/div>\n\t\t\t\t\t\t<\/div>\n\t\t\t\t\t<\/div>\n\t\t\t\t<\/div>\n\t\t\t\t<\/div>","protected":false},"excerpt":{"rendered":"","protected":false},"author":2,"featured_media":0,"parent":0,"menu_order":0,"comment_status":"closed","ping_status":"closed","template":"","meta":{"_acf_changed":false,"_kad_post_transparent":"","_kad_post_title":"hide","_kad_post_layout":"fullwidth","_kad_post_sidebar_id":"","_kad_post_content_style":"unboxed","_kad_post_vertical_padding":"hide","_kad_post_feature":"hide","_kad_post_feature_position":"","_kad_post_header":false,"_kad_post_footer":false,"footnotes":""},"class_list":["post-419","page","type-page","status-publish","hentry"],"acf":[],"_links":{"self":[{"href":"https:\/\/energostar.net\/ee\/wp-json\/wp\/v2\/pages\/419","targetHints":{"allow":["GET"]}}],"collection":[{"href":"https:\/\/energostar.net\/ee\/wp-json\/wp\/v2\/pages"}],"about":[{"href":"https:\/\/energostar.net\/ee\/wp-json\/wp\/v2\/types\/page"}],"author":[{"embeddable":true,"href":"https:\/\/energostar.net\/ee\/wp-json\/wp\/v2\/users\/2"}],"replies":[{"embeddable":true,"href":"https:\/\/energostar.net\/ee\/wp-json\/wp\/v2\/comments?post=419"}],"version-history":[{"count":34,"href":"https:\/\/energostar.net\/ee\/wp-json\/wp\/v2\/pages\/419\/revisions"}],"predecessor-version":[{"id":7811,"href":"https:\/\/energostar.net\/ee\/wp-json\/wp\/v2\/pages\/419\/revisions\/7811"}],"wp:attachment":[{"href":"https:\/\/energostar.net\/ee\/wp-json\/wp\/v2\/media?parent=419"}],"curies":[{"name":"wp","href":"https:\/\/api.w.org\/{rel}","templated":true}]}}